{"id":46,"date":"2025-12-22T21:19:27","date_gmt":"2025-12-22T20:19:27","guid":{"rendered":"http:\/\/automatyzacjamedyczna.pl\/?page_id=46"},"modified":"2026-01-14T15:24:27","modified_gmt":"2026-01-14T14:24:27","slug":"oferta","status":"publish","type":"page","link":"https:\/\/automatyzacjamedyczna.pl\/?page_id=46","title":{"rendered":"Oferta"},"content":{"rendered":"\t\t<div data-elementor-type=\"wp-page\" data-elementor-id=\"46\" class=\"elementor elementor-46\" data-elementor-post-type=\"page\">\n\t\t\t\t<div class=\"elementor-element elementor-element-bfad0be e-flex e-con-boxed e-con e-parent\" data-id=\"bfad0be\" data-element_type=\"container\" data-settings=\"{&quot;background_background&quot;:&quot;classic&quot;}\">\n\t\t\t\t\t<div class=\"e-con-inner\">\n\t\t\t\t<div class=\"elementor-element elementor-element-54ddf58b elementor-invisible elementor-widget elementor-widget-heading\" data-id=\"54ddf58b\" data-element_type=\"widget\" data-settings=\"{&quot;_animation&quot;:&quot;fadeIn&quot;}\" data-widget_type=\"heading.default\">\n\t\t\t\t\t<h1 class=\"elementor-heading-title elementor-size-default\">\u201ePakiety automatyzacji skrojone pod potrzeby Twojej kliniki\u201d <\/h1>\t\t\t\t<\/div>\n\t\t\t\t<div class=\"elementor-element elementor-element-48d92054 elementor-widget__width-initial elementor-invisible elementor-widget elementor-widget-text-editor\" data-id=\"48d92054\" data-element_type=\"widget\" data-settings=\"{&quot;_animation&quot;:&quot;fadeIn&quot;,&quot;_animation_delay&quot;:300}\" data-widget_type=\"text-editor.default\">\n\t\t\t\t\t\t\t\t\t<p><i data-path-to-node=\"3,0\" data-index-in-node=\"61\">\u00a0Wybierz rozwi\u0105zanie, kt\u00f3re odci\u0105\u017cy Twoj\u0105 recepcj\u0119 i pozwoli Ci skupi\u0107 si\u0119 na leczeniu.<\/i><\/p>\t\t\t\t\t\t\t\t<\/div>\n\t\t\t\t\t<\/div>\n\t\t\t\t<\/div>\n\t\t<div class=\"elementor-element elementor-element-2582e5c5 e-flex e-con-boxed e-con e-parent\" data-id=\"2582e5c5\" data-element_type=\"container\">\n\t\t\t\t\t<div class=\"e-con-inner\">\n\t\t<div class=\"elementor-element elementor-element-3b11c2bd e-con-full e-flex elementor-invisible e-con e-child\" data-id=\"3b11c2bd\" data-element_type=\"container\" data-settings=\"{&quot;animation&quot;:&quot;slideInUp&quot;,&quot;background_background&quot;:&quot;classic&quot;,&quot;animation_delay&quot;:600}\">\n\t\t<div class=\"elementor-element elementor-element-60f48b9e e-con-full e-flex e-con e-child\" data-id=\"60f48b9e\" data-element_type=\"container\">\n\t\t\t\t<div class=\"elementor-element elementor-element-7bb95ed3 elementor-widget elementor-widget-icon-box\" data-id=\"7bb95ed3\" data-element_type=\"widget\" data-widget_type=\"icon-box.default\">\n\t\t\t\t\t\t\t<div class=\"elementor-icon-box-wrapper\">\n\n\t\t\t\n\t\t\t\t\t\t<div class=\"elementor-icon-box-content\">\n\n\t\t\t\t\t\t\t\t\t<h3 class=\"elementor-icon-box-title\">\n\t\t\t\t\t\t<span  >\n\t\t\t\t\t\t\tInteligentna Recepcja AI (Czat 24\/7)\t\t\t\t\t\t<\/span>\n\t\t\t\t\t<\/h3>\n\t\t\t\t\n\t\t\t\t\n\t\t\t<\/div>\n\t\t\t\n\t\t<\/div>\n\t\t\t\t\t\t<\/div>\n\t\t\t\t<div class=\"elementor-element elementor-element-7bd15bbb elementor-widget elementor-widget-text-editor\" data-id=\"7bd15bbb\" data-element_type=\"widget\" data-widget_type=\"text-editor.default\">\n\t\t\t\t\t\t\t\t\t<p>&#8222;Tw\u00f3j asystent na stronie WWW, kt\u00f3ry nigdy nie \u015bpi. Odpowiada na pytania o cennik, godziny otwarcia i zakres us\u0142ug, odci\u0105\u017caj\u0105c Tw\u00f3j zesp\u00f3\u0142 od powtarzalnych zapyta\u0144.&#8221;<\/p><p><b style=\"background-color: transparent;\" data-path-to-node=\"5,0,0\" data-index-in-node=\"0\">Chatbot AI na stron\u0119 WWW<\/b><span style=\"background-color: transparent;\"> szkolony na Twoim cenniku i us\u0142ugach.<\/span><\/p><p><b style=\"background-color: transparent;\" data-path-to-node=\"5,1,0\" data-index-in-node=\"0\">Ca\u0142odobowa obs\u0142uga zapyta\u0144<\/b><span style=\"background-color: transparent;\"> (odpowiedzi w mniej ni\u017c 5 sekund).<\/span><\/p><p><b style=\"background-color: transparent;\" data-path-to-node=\"5,2,0\" data-index-in-node=\"0\">Automatyczne przekazywanie kontaktu<\/b><span style=\"background-color: transparent;\"> do bazy pacjent\u00f3w.<\/span><\/p><p><b style=\"background-color: transparent;\" data-path-to-node=\"5,3,0\" data-index-in-node=\"0\">Podstawowa analiza zapyta\u0144<\/b><span style=\"background-color: transparent;\"> (dowiesz si\u0119, o co pacjenci pytaj\u0105 najcz\u0119\u015bciej).<\/span><\/p><p><b style=\"background-color: transparent;\" data-path-to-node=\"5,4,0\" data-index-in-node=\"0\">Konfiguracja <\/b><span style=\"background-color: transparent;\">\u00a0bez anga\u017cowania informatyka.<\/span><\/p>\t\t\t\t\t\t\t\t<\/div>\n\t\t\t\t<div class=\"elementor-element elementor-element-25d53d6a elementor-align-justify elementor-widget__width-initial elementor-invisible elementor-widget elementor-widget-button\" data-id=\"25d53d6a\" data-element_type=\"widget\" data-settings=\"{&quot;_animation&quot;:&quot;fadeIn&quot;,&quot;_animation_delay&quot;:450}\" data-widget_type=\"button.default\">\n\t\t\t\t\t\t\t\t\t\t<a class=\"elementor-button elementor-button-link elementor-size-sm\" href=\"https:\/\/automatyzacjamedyczna.pl\/?page_id=35\">\n\t\t\t\t\t\t<span class=\"elementor-button-content-wrapper\">\n\t\t\t\t\t\t\t\t\t<span class=\"elementor-button-text\">WYBIERZ PAKIET START<\/span>\n\t\t\t\t\t<\/span>\n\t\t\t\t\t<\/a>\n\t\t\t\t\t\t\t\t<\/div>\n\t\t\t\t<\/div>\n\t\t<div class=\"elementor-element elementor-element-aeb7a27 e-con-full e-flex e-con e-child\" data-id=\"aeb7a27\" data-element_type=\"container\" data-settings=\"{&quot;background_background&quot;:&quot;classic&quot;}\">\n\t\t\t\t<\/div>\n\t\t\t\t<\/div>\n\t\t<div class=\"elementor-element elementor-element-17ee21f3 e-con-full e-flex elementor-invisible e-con e-child\" data-id=\"17ee21f3\" data-element_type=\"container\" data-settings=\"{&quot;animation&quot;:&quot;slideInUp&quot;,&quot;background_background&quot;:&quot;classic&quot;,&quot;animation_delay&quot;:300}\">\n\t\t<div class=\"elementor-element elementor-element-6a1f7c8 e-con-full e-flex e-con e-child\" data-id=\"6a1f7c8\" data-element_type=\"container\">\n\t\t\t\t<div class=\"elementor-element elementor-element-172a8c35 elementor-widget elementor-widget-icon-box\" data-id=\"172a8c35\" data-element_type=\"widget\" data-widget_type=\"icon-box.default\">\n\t\t\t\t\t\t\t<div class=\"elementor-icon-box-wrapper\">\n\n\t\t\t\n\t\t\t\t\t\t<div class=\"elementor-icon-box-content\">\n\n\t\t\t\t\t\t\t\t\t<h3 class=\"elementor-icon-box-title\">\n\t\t\t\t\t\t<span  >\n\t\t\t\t\t\t\tAutomatyzacja WhatsApp &amp; SMS\t\t\t\t\t\t<\/span>\n\t\t\t\t\t<\/h3>\n\t\t\t\t\n\t\t\t\t\n\t\t\t<\/div>\n\t\t\t\n\t\t<\/div>\n\t\t\t\t\t\t<\/div>\n\t\t\t\t<div class=\"elementor-element elementor-element-3ce8b992 elementor-widget elementor-widget-text-editor\" data-id=\"3ce8b992\" data-element_type=\"widget\" data-widget_type=\"text-editor.default\">\n\t\t\t\t\t\t\t\t\t<p>&#8222;Przenie\u015b komunikacj\u0119 z pacjentem tam, gdzie jest najszybsza. Automatyczne potwierdzenia wizyt, przypomnienia i obs\u0142uga zapyta\u0144 bezpo\u015brednio w aplikacji WhatsApp.&#8221;<\/p><p><b style=\"background-color: transparent;\" data-path-to-node=\"8,0,0\" data-index-in-node=\"0\">Wszystko z Pakietu START.<\/b><\/p><p><b style=\"background-color: transparent;\" data-path-to-node=\"8,1,0\" data-index-in-node=\"0\">Dwukierunkowa komunikacja WhatsApp:<\/b><span style=\"background-color: transparent;\"> AI odpowiada na wiadomo\u015bci tekstowe pacjent\u00f3w.<\/span><\/p><p><b style=\"background-color: transparent;\" data-path-to-node=\"8,2,0\" data-index-in-node=\"0\">Automatyczne potwierdzanie wizyt:<\/b><span style=\"background-color: transparent;\"> System sam odnotowuje zgod\u0119 pacjenta.<\/span><\/p><p><b style=\"background-color: transparent;\" data-path-to-node=\"8,3,0\" data-index-in-node=\"0\">Wysy\u0142ka instrukcji przedzabiegowych<\/b><span style=\"background-color: transparent;\"> (np. \u201eprosz\u0119 by\u0107 na czczo\u201d).<\/span><\/p><p><b style=\"background-color: transparent;\" data-path-to-node=\"8,4,0\" data-index-in-node=\"0\">Automatyczne zbieranie opinii Google<\/b><span style=\"background-color: transparent;\"> po zako\u0144czonej wizycie.<\/span><\/p>\t\t\t\t\t\t\t\t<\/div>\n\t\t\t\t<div class=\"elementor-element elementor-element-28199b49 elementor-align-justify elementor-widget__width-initial elementor-invisible elementor-widget elementor-widget-button\" data-id=\"28199b49\" data-element_type=\"widget\" data-settings=\"{&quot;_animation&quot;:&quot;fadeIn&quot;,&quot;_animation_delay&quot;:450}\" data-widget_type=\"button.default\">\n\t\t\t\t\t\t\t\t\t\t<a class=\"elementor-button elementor-button-link elementor-size-sm\" href=\"\">\n\t\t\t\t\t\t<span class=\"elementor-button-content-wrapper\">\n\t\t\t\t\t\t\t\t\t<span class=\"elementor-button-text\">WYBIERZ PAKIET PRO <\/span>\n\t\t\t\t\t<\/span>\n\t\t\t\t\t<\/a>\n\t\t\t\t\t\t\t\t<\/div>\n\t\t\t\t<\/div>\n\t\t<div class=\"elementor-element elementor-element-5bdd2727 e-con-full e-flex e-con e-child\" data-id=\"5bdd2727\" data-element_type=\"container\" data-settings=\"{&quot;background_background&quot;:&quot;classic&quot;}\">\n\t\t\t\t<\/div>\n\t\t\t\t<\/div>\n\t\t<div class=\"elementor-element elementor-element-5a0d7aaf e-con-full e-flex elementor-invisible e-con e-child\" data-id=\"5a0d7aaf\" data-element_type=\"container\" data-settings=\"{&quot;animation&quot;:&quot;slideInUp&quot;,&quot;background_background&quot;:&quot;classic&quot;}\">\n\t\t<div class=\"elementor-element elementor-element-688f427 e-con-full e-flex e-con e-child\" data-id=\"688f427\" data-element_type=\"container\">\n\t\t\t\t<div class=\"elementor-element elementor-element-577c1654 elementor-widget elementor-widget-icon-box\" data-id=\"577c1654\" data-element_type=\"widget\" data-widget_type=\"icon-box.default\">\n\t\t\t\t\t\t\t<div class=\"elementor-icon-box-wrapper\">\n\n\t\t\t\n\t\t\t\t\t\t<div class=\"elementor-icon-box-content\">\n\n\t\t\t\t\t\t\t\t\t<h3 class=\"elementor-icon-box-title\">\n\t\t\t\t\t\t<span  >\n\t\t\t\t\t\t\tDedykowane Rozwi\u0105zania\t\t\t\t\t\t<\/span>\n\t\t\t\t\t<\/h3>\n\t\t\t\t\n\t\t\t\t\n\t\t\t<\/div>\n\t\t\t\n\t\t<\/div>\n\t\t\t\t\t\t<\/div>\n\t\t\t\t<div class=\"elementor-element elementor-element-ea47ae1 elementor-widget elementor-widget-text-editor\" data-id=\"ea47ae1\" data-element_type=\"widget\" data-widget_type=\"text-editor.default\">\n\t\t\t\t\t\t\t\t\t<p>\u201eWycena indywidualna\u201d<\/p>\t\t\t\t\t\t\t\t<\/div>\n\t\t\t\t<div class=\"elementor-element elementor-element-46d314ae elementor-align-justify elementor-widget__width-initial elementor-invisible elementor-widget elementor-widget-button\" data-id=\"46d314ae\" data-element_type=\"widget\" data-settings=\"{&quot;_animation&quot;:&quot;fadeIn&quot;,&quot;_animation_delay&quot;:450}\" data-widget_type=\"button.default\">\n\t\t\t\t\t\t\t\t\t\t<a class=\"elementor-button elementor-button-link elementor-size-sm\" href=\"\">\n\t\t\t\t\t\t<span class=\"elementor-button-content-wrapper\">\n\t\t\t\t\t\t\t\t\t<span class=\"elementor-button-text\">Skontaktuj si\u0119 z nami<\/span>\n\t\t\t\t\t<\/span>\n\t\t\t\t\t<\/a>\n\t\t\t\t\t\t\t\t<\/div>\n\t\t\t\t<\/div>\n\t\t<div class=\"elementor-element elementor-element-44ddc541 e-con-full e-flex e-con e-child\" data-id=\"44ddc541\" data-element_type=\"container\" data-settings=\"{&quot;background_background&quot;:&quot;classic&quot;}\">\n\t\t\t\t<\/div>\n\t\t\t\t<\/div>\n\t\t<div class=\"elementor-element elementor-element-4c6c29a6 e-con-full e-flex elementor-invisible e-con e-child\" data-id=\"4c6c29a6\" data-element_type=\"container\" data-settings=\"{&quot;animation&quot;:&quot;slideInUp&quot;,&quot;background_background&quot;:&quot;classic&quot;}\">\n\t\t<div class=\"elementor-element elementor-element-b811ca9 e-con-full e-flex e-con e-child\" data-id=\"b811ca9\" data-element_type=\"container\">\n\t\t\t\t<div class=\"elementor-element elementor-element-33e19894 elementor-widget elementor-widget-icon-box\" data-id=\"33e19894\" data-element_type=\"widget\" data-widget_type=\"icon-box.default\">\n\t\t\t\t\t\t\t<div class=\"elementor-icon-box-wrapper\">\n\n\t\t\t\n\t\t\t\t\t\t<div class=\"elementor-icon-box-content\">\n\n\t\t\t\t\t\t\t\t\t<h3 class=\"elementor-icon-box-title\">\n\t\t\t\t\t\t<span  >\n\t\t\t\t\t\t\tJak zaczynamy wsp\u00f3\u0142prac\u0119?\t\t\t\t\t\t<\/span>\n\t\t\t\t\t<\/h3>\n\t\t\t\t\n\t\t\t\t\n\t\t\t<\/div>\n\t\t\t\n\t\t<\/div>\n\t\t\t\t\t\t<\/div>\n\t\t\t\t<div class=\"elementor-element elementor-element-50f1979b elementor-widget elementor-widget-text-editor\" data-id=\"50f1979b\" data-element_type=\"widget\" data-widget_type=\"text-editor.default\">\n\t\t\t\t\t\t\t\t\t<ul><li><p data-path-to-node=\"4,0,0\"><b data-path-to-node=\"4,0,0\" data-index-in-node=\"0\">Krok 1: Audyt potrzeb<\/b> \u2013 Analizujemy, jakie pytania pacjenci zadaj\u0105 najcz\u0119\u015bciej.<\/p><\/li><li><p data-path-to-node=\"4,1,0\"><b data-path-to-node=\"4,1,0\" data-index-in-node=\"0\">Krok 2: Budowa Bazy Wiedzy<\/b> \u2013 Wgrywamy Tw\u00f3j cennik i procedury do AI.<\/p><\/li><li><p data-path-to-node=\"4,2,0\"><b data-path-to-node=\"4,2,0\" data-index-in-node=\"0\">Krok 3: Start i Opieka<\/b> \u2013 Uruchamiamy system i dbamy o jego poprawno\u015b\u0107.<\/p><\/li><\/ul>\t\t\t\t\t\t\t\t<\/div>\n\t\t\t\t<\/div>\n\t\t<div class=\"elementor-element elementor-element-fa007d0 e-con-full e-flex e-con e-child\" data-id=\"fa007d0\" data-element_type=\"container\" data-settings=\"{&quot;background_background&quot;:&quot;classic&quot;}\">\n\t\t\t\t<\/div>\n\t\t\t\t<\/div>\n\t\t\t\t\t<\/div>\n\t\t\t\t<\/div>\n\t\t<div class=\"elementor-element elementor-element-6123c5f0 e-flex e-con-boxed e-con e-parent\" data-id=\"6123c5f0\" data-element_type=\"container\">\n\t\t\t\t\t<div class=\"e-con-inner\">\n\t\t\t\t\t<\/div>\n\t\t\t\t<\/div>\n\t\t<div class=\"elementor-element elementor-element-2b742ed6 e-flex e-con-boxed e-con e-parent\" data-id=\"2b742ed6\" data-element_type=\"container\">\n\t\t\t\t\t<div class=\"e-con-inner\">\n\t\t\t\t<div class=\"elementor-element elementor-element-66dac8fa elementor-widget elementor-widget-heading\" data-id=\"66dac8fa\" data-element_type=\"widget\" data-widget_type=\"heading.default\">\n\t\t\t\t\t<h2 class=\"elementor-heading-title elementor-size-default\">Najcz\u0119\u015bciej zadawane pytania <\/h2>\t\t\t\t<\/div>\n\t\t<div class=\"elementor-element elementor-element-2c436083 e-con-full e-flex e-con e-child\" data-id=\"2c436083\" data-element_type=\"container\">\n\t\t\t\t<div class=\"elementor-element elementor-element-434957d7 elementor-widget__width-initial elementor-widget-tablet__width-inherit elementor-widget elementor-widget-toggle\" data-id=\"434957d7\" data-element_type=\"widget\" data-widget_type=\"toggle.default\">\n\t\t\t\t\t\t\t<div class=\"elementor-toggle\">\n\t\t\t\t\t\t\t<div class=\"elementor-toggle-item\">\n\t\t\t\t\t<h5 id=\"elementor-tab-title-1121\" class=\"elementor-tab-title\" data-tab=\"1\" role=\"button\" aria-controls=\"elementor-tab-content-1121\" aria-expanded=\"false\">\n\t\t\t\t\t\t\t\t\t\t\t\t<a class=\"elementor-toggle-title\" tabindex=\"0\">Czy dane moich pacjent\u00f3w s\u0105 bezpieczne?<\/a>\n\t\t\t\t\t<\/h5>\n\n\t\t\t\t\t<div id=\"elementor-tab-content-1121\" class=\"elementor-tab-content elementor-clearfix\" data-tab=\"1\" role=\"region\" aria-labelledby=\"elementor-tab-title-1121\"><p>Tak. Wszystkie nasze rozwi\u0105zania s\u0105 projektowane z my\u015bl\u0105 o pe\u0142nej zgodno\u015bci z RODO. Wykorzystujemy szyfrowane po\u0142\u0105czenia, a dane s\u0142u\u017c\u0105 wy\u0142\u0105cznie do obs\u0142ugi Twojej plac\u00f3wki i nie s\u0105 udost\u0119pniane podmiotom trzecim.<\/p><\/div>\n\t\t\t\t<\/div>\n\t\t\t\t\t\t\t<div class=\"elementor-toggle-item\">\n\t\t\t\t\t<h5 id=\"elementor-tab-title-1122\" class=\"elementor-tab-title\" data-tab=\"2\" role=\"button\" aria-controls=\"elementor-tab-content-1122\" aria-expanded=\"false\">\n\t\t\t\t\t\t\t\t\t\t\t\t<a class=\"elementor-toggle-title\" tabindex=\"0\">Czy musz\u0119 mie\u0107 wiedz\u0119 techniczn\u0105, aby z tego korzysta\u0107?<\/a>\n\t\t\t\t\t<\/h5>\n\n\t\t\t\t\t<div id=\"elementor-tab-content-1122\" class=\"elementor-tab-content elementor-clearfix\" data-tab=\"2\" role=\"region\" aria-labelledby=\"elementor-tab-title-1122\"><p>Absolutnie nie. My zajmujemy si\u0119 ca\u0142\u0105 konfiguracj\u0105 i integracj\u0105. Po Twojej stronie le\u017cy jedynie akceptacja przygotowanych tre\u015bci. System dzia\u0142a automatycznie, a Ty otrzymujesz raporty z jego pracy.<\/p><\/div>\n\t\t\t\t<\/div>\n\t\t\t\t\t\t\t<div class=\"elementor-toggle-item\">\n\t\t\t\t\t<h5 id=\"elementor-tab-title-1123\" class=\"elementor-tab-title\" data-tab=\"3\" role=\"button\" aria-controls=\"elementor-tab-content-1123\" aria-expanded=\"false\">\n\t\t\t\t\t\t\t\t\t\t\t\t<a class=\"elementor-toggle-title\" tabindex=\"0\">Co je\u015bli b\u0119d\u0119 chcia\u0142 zmieni\u0107 ofert\u0119 lub cennik w przysz\u0142o\u015bci?<\/a>\n\t\t\t\t\t<\/h5>\n\n\t\t\t\t\t<div id=\"elementor-tab-content-1123\" class=\"elementor-tab-content elementor-clearfix\" data-tab=\"3\" role=\"region\" aria-labelledby=\"elementor-tab-title-1123\"><p>W ramach miesi\u0119cznego abonamentu zapewniamy sta\u0142\u0105 opiek\u0119 i aktualizacj\u0119 bazy wiedzy. Wystarczy, \u017ce wy\u015blesz nam nowy cennik, a my zaktualizujemy Twojego asystenta w ci\u0105gu 24 godzin.<\/p><\/div>\n\t\t\t\t<\/div>\n\t\t\t\t\t\t\t\t<\/div>\n\t\t\t\t\t\t<\/div>\n\t\t\t\t<div class=\"elementor-element elementor-element-284ccd8b elementor-widget__width-initial elementor-widget-tablet__width-inherit elementor-widget elementor-widget-toggle\" data-id=\"284ccd8b\" data-element_type=\"widget\" data-widget_type=\"toggle.default\">\n\t\t\t\t\t\t\t<div class=\"elementor-toggle\">\n\t\t\t\t\t\t\t<div class=\"elementor-toggle-item\">\n\t\t\t\t\t<h5 id=\"elementor-tab-title-6761\" class=\"elementor-tab-title\" data-tab=\"1\" role=\"button\" aria-controls=\"elementor-tab-content-6761\" aria-expanded=\"false\">\n\t\t\t\t\t\t\t\t\t\t\t\t<a class=\"elementor-toggle-title\" tabindex=\"0\">Ile czasu zajmuje wdro\u017cenie systemu?<\/a>\n\t\t\t\t\t<\/h5>\n\n\t\t\t\t\t<div id=\"elementor-tab-content-6761\" class=\"elementor-tab-content elementor-clearfix\" data-tab=\"1\" role=\"region\" aria-labelledby=\"elementor-tab-title-6761\"><p>Standardowy proces, od audytu po uruchomienie gotowego asystenta na Twojej stronie i WhatsAppie, trwa zazwyczaj od 7 do 10 dni roboczych.<\/p><\/div>\n\t\t\t\t<\/div>\n\t\t\t\t\t\t\t<div class=\"elementor-toggle-item\">\n\t\t\t\t\t<h5 id=\"elementor-tab-title-6762\" class=\"elementor-tab-title\" data-tab=\"2\" role=\"button\" aria-controls=\"elementor-tab-content-6762\" aria-expanded=\"false\">\n\t\t\t\t\t\t\t\t\t\t\t\t<a class=\"elementor-toggle-title\" tabindex=\"0\">Czy AI nie b\u0119dzie udziela\u0107 b\u0142\u0119dnych porad medycznych?<\/a>\n\t\t\t\t\t<\/h5>\n\n\t\t\t\t\t<div id=\"elementor-tab-content-6762\" class=\"elementor-tab-content elementor-clearfix\" data-tab=\"2\" role=\"region\" aria-labelledby=\"elementor-tab-title-6762\"><p>Nie. Asystent AI opiera si\u0119 wy\u0142\u0105cznie na dostarczonej przez Ciebie bazie wiedzy (cennik, procedury, godziny). Je\u015bli pacjent zada pytanie wykraczaj\u0105ce poza ten zakres, AI grzecznie poinformuje o konieczno\u015bci kontaktu z lekarzem lub recepcj\u0105.<\/p><\/div>\n\t\t\t\t<\/div>\n\t\t\t\t\t\t\t<div class=\"elementor-toggle-item\">\n\t\t\t\t\t<h5 id=\"elementor-tab-title-6763\" class=\"elementor-tab-title\" data-tab=\"3\" role=\"button\" aria-controls=\"elementor-tab-content-6763\" aria-expanded=\"false\">\n\t\t\t\t\t\t\t\t\t\t\t\t<a class=\"elementor-toggle-title\" tabindex=\"0\">Czy mog\u0119 przetestowa\u0107 system przed d\u0142u\u017csz\u0105 wsp\u00f3\u0142prac\u0105?<\/a>\n\t\t\t\t\t<\/h5>\n\n\t\t\t\t\t<div id=\"elementor-tab-content-6763\" class=\"elementor-tab-content elementor-clearfix\" data-tab=\"3\" role=\"region\" aria-labelledby=\"elementor-tab-title-6763\"><p>Tak, oferujemy bezp\u0142atn\u0105 prezentacj\u0119 demo na bazie danych Twojej kliniki, aby\u015b m\u00f3g\u0142 osobi\u015bcie sprawdzi\u0107, jak asystent radzi sobie z zapytaniami Twoich pacjent\u00f3w.<\/p><\/div>\n\t\t\t\t<\/div>\n\t\t\t\t\t\t\t\t<\/div>\n\t\t\t\t\t\t<\/div>\n\t\t\t\t<\/div>\n\t\t\t\t\t<\/div>\n\t\t\t\t<\/div>\n\t\t<div class=\"elementor-element elementor-element-21ee68ae e-con-full e-flex e-con e-parent\" data-id=\"21ee68ae\" data-element_type=\"container\" data-settings=\"{&quot;background_background&quot;:&quot;classic&quot;}\">\n\t\t<div class=\"elementor-element elementor-element-389af628 e-con-full e-flex e-con e-child\" data-id=\"389af628\" data-element_type=\"container\">\n\t\t\t\t<div class=\"elementor-element elementor-element-30c2b644 elementor-invisible elementor-widget elementor-widget-heading\" data-id=\"30c2b644\" data-element_type=\"widget\" data-settings=\"{&quot;_animation&quot;:&quot;fadeIn&quot;}\" data-widget_type=\"heading.default\">\n\t\t\t\t\t<h2 class=\"elementor-heading-title elementor-size-default\">Zacznij automatyzacj\u0119 swojej kliniki ju\u017c dzi\u015b<\/h2>\t\t\t\t<\/div>\n\t\t\t\t<div class=\"elementor-element elementor-element-3fb22825 elementor-widget elementor-widget-text-editor\" data-id=\"3fb22825\" data-element_type=\"widget\" data-settings=\"{&quot;_animation&quot;:&quot;none&quot;}\" data-widget_type=\"text-editor.default\">\n\t\t\t\t\t\t\t\t\t<p data-path-to-node=\"3,1,0\"><b data-path-to-node=\"3,1,0\" data-index-in-node=\"28\">\u201eNie pozw\u00f3l, aby biurokracja i setki powtarzalnych pyta\u0144 blokowa\u0142y rozw\u00f3j Twojej plac\u00f3wki. Um\u00f3w si\u0119 na bezp\u0142atn\u0105 prezentacj\u0119 i zobacz, jak nasi asystenci AI odmieni\u0105 Twoj\u0105 codzienn\u0105 prac\u0119.\u201d<\/b><\/p>\t\t\t\t\t\t\t\t<\/div>\n\t\t\t\t<div class=\"elementor-element elementor-element-5140b518 elementor-align-justify elementor-widget__width-initial elementor-widget elementor-widget-button\" data-id=\"5140b518\" data-element_type=\"widget\" data-widget_type=\"button.default\">\n\t\t\t\t\t\t\t\t\t\t<a class=\"elementor-button elementor-button-link elementor-size-sm\" href=\"https:\/\/automatyzacjamedyczna.pl\/?page_id=35\">\n\t\t\t\t\t\t<span class=\"elementor-button-content-wrapper\">\n\t\t\t\t\t\t\t\t\t<span class=\"elementor-button-text\">Zacznij ju\u017c dzi\u015b<\/span>\n\t\t\t\t\t<\/span>\n\t\t\t\t\t<\/a>\n\t\t\t\t\t\t\t\t<\/div>\n\t\t\t\t<\/div>\n\t\t<div class=\"elementor-element elementor-element-7d474a56 e-con-full e-flex e-con e-child\" data-id=\"7d474a56\" data-element_type=\"container\" data-settings=\"{&quot;background_background&quot;:&quot;classic&quot;}\">\n\t\t\t\t<\/div>\n\t\t\t\t<\/div>\n\t\t\t\t<\/div>\n\t\t","protected":false},"excerpt":{"rendered":"<p>\u201ePakiety automatyzacji skrojone pod potrzeby Twojej kliniki\u201d \u00a0Wybierz rozwi\u0105zanie, kt\u00f3re odci\u0105\u017cy Twoj\u0105 recepcj\u0119 i pozwoli Ci skupi\u0107 si\u0119 na leczeniu. Inteligentna Recepcja AI (Czat 24\/7) &#8222;Tw\u00f3j asystent na stronie WWW, kt\u00f3ry nigdy nie \u015bpi. Odpowiada na pytania o cennik, godziny otwarcia i zakres us\u0142ug, odci\u0105\u017caj\u0105c Tw\u00f3j zesp\u00f3\u0142 od powtarzalnych zapyta\u0144.&#8221; Chatbot AI na stron\u0119 WWW [&hellip;]<\/p>\n","protected":false},"author":1,"featured_media":54,"parent":0,"menu_order":0,"comment_status":"closed","ping_status":"closed","template":"elementor_header_footer","meta":{"footnotes":""},"class_list":["post-46","page","type-page","status-publish","has-post-thumbnail","hentry"],"_links":{"self":[{"href":"https:\/\/automatyzacjamedyczna.pl\/index.php?rest_route=\/wp\/v2\/pages\/46","targetHints":{"allow":["GET"]}}],"collection":[{"href":"https:\/\/automatyzacjamedyczna.pl\/index.php?rest_route=\/wp\/v2\/pages"}],"about":[{"href":"https:\/\/automatyzacjamedyczna.pl\/index.php?rest_route=\/wp\/v2\/types\/page"}],"author":[{"embeddable":true,"href":"https:\/\/automatyzacjamedyczna.pl\/index.php?rest_route=\/wp\/v2\/users\/1"}],"replies":[{"embeddable":true,"href":"https:\/\/automatyzacjamedyczna.pl\/index.php?rest_route=%2Fwp%2Fv2%2Fcomments&post=46"}],"version-history":[{"count":35,"href":"https:\/\/automatyzacjamedyczna.pl\/index.php?rest_route=\/wp\/v2\/pages\/46\/revisions"}],"predecessor-version":[{"id":393,"href":"https:\/\/automatyzacjamedyczna.pl\/index.php?rest_route=\/wp\/v2\/pages\/46\/revisions\/393"}],"wp:featuredmedia":[{"embeddable":true,"href":"https:\/\/automatyzacjamedyczna.pl\/index.php?rest_route=\/wp\/v2\/media\/54"}],"wp:attachment":[{"href":"https:\/\/automatyzacjamedyczna.pl\/index.php?rest_route=%2Fwp%2Fv2%2Fmedia&parent=46"}],"curies":[{"name":"wp","href":"https:\/\/api.w.org\/{rel}","templated":true}]}}