{"id":312,"date":"2026-01-06T10:42:46","date_gmt":"2026-01-06T09:42:46","guid":{"rendered":"https:\/\/automatyzacjamedyczna.pl\/?page_id=312"},"modified":"2026-01-06T12:36:19","modified_gmt":"2026-01-06T11:36:19","slug":"baza-wiedzy","status":"publish","type":"page","link":"https:\/\/automatyzacjamedyczna.pl\/?page_id=312","title":{"rendered":"Baza wiedzy"},"content":{"rendered":"\t\t<div data-elementor-type=\"wp-page\" data-elementor-id=\"312\" class=\"elementor elementor-312\" data-elementor-post-type=\"page\">\n\t\t\t\t<div class=\"elementor-element elementor-element-c935929 e-flex e-con-boxed e-con e-parent\" data-id=\"c935929\" data-element_type=\"container\">\n\t\t\t\t\t<div class=\"e-con-inner\">\n\t\t\t\t\t<\/div>\n\t\t\t\t<\/div>\n\t\t<div class=\"elementor-element elementor-element-4131cd3 e-flex e-con-boxed e-con e-parent\" data-id=\"4131cd3\" data-element_type=\"container\">\n\t\t\t\t\t<div class=\"e-con-inner\">\n\t\t\t\t<div class=\"elementor-element elementor-element-c8043e3 elementor-grid-2 elementor-grid-tablet-2 elementor-grid-mobile-1 elementor-posts--thumbnail-top elementor-widget elementor-widget-posts\" data-id=\"c8043e3\" data-element_type=\"widget\" data-settings=\"{&quot;classic_columns&quot;:&quot;2&quot;,&quot;classic_columns_tablet&quot;:&quot;2&quot;,&quot;classic_columns_mobile&quot;:&quot;1&quot;,&quot;classic_row_gap&quot;:{&quot;unit&quot;:&quot;px&quot;,&quot;size&quot;:35,&quot;sizes&quot;:[]},&quot;classic_row_gap_tablet&quot;:{&quot;unit&quot;:&quot;px&quot;,&quot;size&quot;:&quot;&quot;,&quot;sizes&quot;:[]},&quot;classic_row_gap_mobile&quot;:{&quot;unit&quot;:&quot;px&quot;,&quot;size&quot;:&quot;&quot;,&quot;sizes&quot;:[]}}\" data-widget_type=\"posts.classic\">\n\t\t\t\t<div class=\"elementor-widget-container\">\n\t\t\t\t\t\t\t<div class=\"elementor-posts-container elementor-posts elementor-posts--skin-classic elementor-grid\" role=\"list\">\n\t\t\t\t<article class=\"elementor-post elementor-grid-item post-394 post type-post status-publish format-standard has-post-thumbnail hentry category-bez-kategorii\" role=\"listitem\">\n\t\t\t\t<a class=\"elementor-post__thumbnail__link\" href=\"https:\/\/automatyzacjamedyczna.pl\/?p=394\" tabindex=\"-1\" >\n\t\t\t<div class=\"elementor-post__thumbnail\"><img fetchpriority=\"high\" decoding=\"async\" width=\"300\" height=\"200\" src=\"https:\/\/automatyzacjamedyczna.pl\/wp-content\/uploads\/2025\/12\/overhead-view-stethoscope-open-laptop-with-clipboard-eyeglasses-white-background-300x200.jpg\" class=\"attachment-medium size-medium wp-image-184\" alt=\"\" srcset=\"https:\/\/automatyzacjamedyczna.pl\/wp-content\/uploads\/2025\/12\/overhead-view-stethoscope-open-laptop-with-clipboard-eyeglasses-white-background-300x200.jpg 300w, https:\/\/automatyzacjamedyczna.pl\/wp-content\/uploads\/2025\/12\/overhead-view-stethoscope-open-laptop-with-clipboard-eyeglasses-white-background-1024x683.jpg 1024w, https:\/\/automatyzacjamedyczna.pl\/wp-content\/uploads\/2025\/12\/overhead-view-stethoscope-open-laptop-with-clipboard-eyeglasses-white-background-768x512.jpg 768w, https:\/\/automatyzacjamedyczna.pl\/wp-content\/uploads\/2025\/12\/overhead-view-stethoscope-open-laptop-with-clipboard-eyeglasses-white-background-1536x1024.jpg 1536w, https:\/\/automatyzacjamedyczna.pl\/wp-content\/uploads\/2025\/12\/overhead-view-stethoscope-open-laptop-with-clipboard-eyeglasses-white-background-2048x1365.jpg 2048w\" sizes=\"(max-width: 300px) 100vw, 300px\" \/><\/div>\n\t\t<\/a>\n\t\t\t\t<div class=\"elementor-post__text\">\n\t\t\t\t<h3 class=\"elementor-post__title\">\n\t\t\t<a href=\"https:\/\/automatyzacjamedyczna.pl\/?p=394\" >\n\t\t\t\tNowoczesna Strona WWW dla Kliniki i Wirtualna Recepcja AI \u2013 Automatyzacja Medyczna\t\t\t<\/a>\n\t\t<\/h3>\n\t\t\t\t<div class=\"elementor-post__excerpt\">\n\t\t\t<p>Nowoczesna Strona WWW dla Kliniki i Wirtualna Recepcja AI \u2013 Automatyzacja Medyczna \u00a0 Zwi\u0119ksz liczb\u0119 pacjent\u00f3w i odci\u0105\u017c recepcj\u0119 dzi\u0119ki systemowi, kt\u00f3ry pracuje 24\/7. Dlaczego<\/p>\n\t\t<\/div>\n\t\t\n\t\t<a class=\"elementor-post__read-more\" href=\"https:\/\/automatyzacjamedyczna.pl\/?p=394\" aria-label=\"Read more about Nowoczesna Strona WWW dla Kliniki i Wirtualna Recepcja AI \u2013 Automatyzacja Medyczna\" tabindex=\"-1\" >\n\t\t\tCzytaj wi\u0119cej \u00bb\t\t<\/a>\n\n\t\t\t\t<\/div>\n\t\t\t\t<\/article>\n\t\t\t\t<article class=\"elementor-post elementor-grid-item post-376 post type-post status-publish format-standard has-post-thumbnail hentry category-bez-kategorii\" role=\"listitem\">\n\t\t\t\t<a class=\"elementor-post__thumbnail__link\" href=\"https:\/\/automatyzacjamedyczna.pl\/?p=376\" tabindex=\"-1\" >\n\t\t\t<div class=\"elementor-post__thumbnail\"><img decoding=\"async\" width=\"300\" height=\"187\" src=\"https:\/\/automatyzacjamedyczna.pl\/wp-content\/uploads\/2022\/11\/post-featured-img7-300x187.jpg\" class=\"attachment-medium size-medium wp-image-86\" alt=\"\" srcset=\"https:\/\/automatyzacjamedyczna.pl\/wp-content\/uploads\/2022\/11\/post-featured-img7-300x187.jpg 300w, https:\/\/automatyzacjamedyczna.pl\/wp-content\/uploads\/2022\/11\/post-featured-img7-1024x637.jpg 1024w, https:\/\/automatyzacjamedyczna.pl\/wp-content\/uploads\/2022\/11\/post-featured-img7-768x478.jpg 768w, https:\/\/automatyzacjamedyczna.pl\/wp-content\/uploads\/2022\/11\/post-featured-img7.jpg 1035w\" sizes=\"(max-width: 300px) 100vw, 300px\" \/><\/div>\n\t\t<\/a>\n\t\t\t\t<div class=\"elementor-post__text\">\n\t\t\t\t<h3 class=\"elementor-post__title\">\n\t\t\t<a href=\"https:\/\/automatyzacjamedyczna.pl\/?p=376\" >\n\t\t\t\tAutomatyzacja Recepcji Medycznej 2026: Jak odzyska\u0107 15h pracy personelu tygodniowo? Gdzie znika 15 godzin tygodniowo w Twojej klinice?\t\t\t<\/a>\n\t\t<\/h3>\n\t\t\t\t<div class=\"elementor-post__excerpt\">\n\t\t\t<p>W dobie rosn\u0105cych koszt\u00f3w operacyjnych oraz rosn\u0105cych wymaga\u0144 pacjent\u00f3w, plac\u00f3wki medyczne w Polsce staj\u0105 przed wyzwaniem: jak zachowa\u0107 wysok\u0105 jako\u015b\u0107 obs\u0142ugi bez ci\u0105g\u0142ego zwi\u0119kszania zatrudnienia?<\/p>\n\t\t<\/div>\n\t\t\n\t\t<a class=\"elementor-post__read-more\" href=\"https:\/\/automatyzacjamedyczna.pl\/?p=376\" aria-label=\"Read more about Automatyzacja Recepcji Medycznej 2026: Jak odzyska\u0107 15h pracy personelu tygodniowo? Gdzie znika 15 godzin tygodniowo w Twojej klinice?\" tabindex=\"-1\" >\n\t\t\tCzytaj wi\u0119cej \u00bb\t\t<\/a>\n\n\t\t\t\t<\/div>\n\t\t\t\t<\/article>\n\t\t\t\t<article class=\"elementor-post elementor-grid-item post-323 post type-post status-publish format-standard has-post-thumbnail hentry category-baza-wiedzy-2\" role=\"listitem\">\n\t\t\t\t<a class=\"elementor-post__thumbnail__link\" href=\"https:\/\/automatyzacjamedyczna.pl\/?p=323\" tabindex=\"-1\" >\n\t\t\t<div class=\"elementor-post__thumbnail\"><img decoding=\"async\" width=\"300\" height=\"187\" src=\"https:\/\/automatyzacjamedyczna.pl\/wp-content\/uploads\/2022\/11\/post-featured-img1-300x187.jpg\" class=\"attachment-medium size-medium wp-image-81\" alt=\"\" srcset=\"https:\/\/automatyzacjamedyczna.pl\/wp-content\/uploads\/2022\/11\/post-featured-img1-300x187.jpg 300w, https:\/\/automatyzacjamedyczna.pl\/wp-content\/uploads\/2022\/11\/post-featured-img1-1024x637.jpg 1024w, https:\/\/automatyzacjamedyczna.pl\/wp-content\/uploads\/2022\/11\/post-featured-img1-768x478.jpg 768w, https:\/\/automatyzacjamedyczna.pl\/wp-content\/uploads\/2022\/11\/post-featured-img1.jpg 1035w\" sizes=\"(max-width: 300px) 100vw, 300px\" \/><\/div>\n\t\t<\/a>\n\t\t\t\t<div class=\"elementor-post__text\">\n\t\t\t\t<h3 class=\"elementor-post__title\">\n\t\t\t<a href=\"https:\/\/automatyzacjamedyczna.pl\/?p=323\" >\n\t\t\t\tIlu pacjent\u00f3w traci klinika po godzinach ?\t\t\t<\/a>\n\t\t<\/h3>\n\t\t\t\t<div class=\"elementor-post__excerpt\">\n\t\t\t<p>W wielu klinikach stomatologicznych recepcja dzia\u0142a wy\u0142\u0105cznie w godzinach pracy plac\u00f3wki. Tymczasem pacjenci coraz cz\u0119\u015bciej szukaj\u0105 pomocy wieczorami, w weekendy lub w sytuacjach nag\u0142ych. Brak<\/p>\n\t\t<\/div>\n\t\t\n\t\t<a class=\"elementor-post__read-more\" href=\"https:\/\/automatyzacjamedyczna.pl\/?p=323\" aria-label=\"Read more about Ilu pacjent\u00f3w traci klinika po godzinach ?\" tabindex=\"-1\" >\n\t\t\tCzytaj wi\u0119cej \u00bb\t\t<\/a>\n\n\t\t\t\t<\/div>\n\t\t\t\t<\/article>\n\t\t\t\t<\/div>\n\t\t\n\t\t\t\t\t\t<\/div>\n\t\t\t\t<\/div>\n\t\t\t\t\t<\/div>\n\t\t\t\t<\/div>\n\t\t\t\t<\/div>\n\t\t","protected":false},"excerpt":{"rendered":"","protected":false},"author":1,"featured_media":0,"parent":0,"menu_order":0,"comment_status":"closed","ping_status":"closed","template":"","meta":{"footnotes":""},"class_list":["post-312","page","type-page","status-publish","hentry"],"_links":{"self":[{"href":"https:\/\/automatyzacjamedyczna.pl\/index.php?rest_route=\/wp\/v2\/pages\/312","targetHints":{"allow":["GET"]}}],"collection":[{"href":"https:\/\/automatyzacjamedyczna.pl\/index.php?rest_route=\/wp\/v2\/pages"}],"about":[{"href":"https:\/\/automatyzacjamedyczna.pl\/index.php?rest_route=\/wp\/v2\/types\/page"}],"author":[{"embeddable":true,"href":"https:\/\/automatyzacjamedyczna.pl\/index.php?rest_route=\/wp\/v2\/users\/1"}],"replies":[{"embeddable":true,"href":"https:\/\/automatyzacjamedyczna.pl\/index.php?rest_route=%2Fwp%2Fv2%2Fcomments&post=312"}],"version-history":[{"count":17,"href":"https:\/\/automatyzacjamedyczna.pl\/index.php?rest_route=\/wp\/v2\/pages\/312\/revisions"}],"predecessor-version":[{"id":343,"href":"https:\/\/automatyzacjamedyczna.pl\/index.php?rest_route=\/wp\/v2\/pages\/312\/revisions\/343"}],"wp:attachment":[{"href":"https:\/\/automatyzacjamedyczna.pl\/index.php?rest_route=%2Fwp%2Fv2%2Fmedia&parent=312"}],"curies":[{"name":"wp","href":"https:\/\/api.w.org\/{rel}","templated":true}]}}